{"id":26,"date":"2020-11-13T20:21:38","date_gmt":"2020-11-13T20:21:38","guid":{"rendered":"http:\/\/oxivision.pt\/?page_id=26"},"modified":"2020-11-15T15:05:36","modified_gmt":"2020-11-15T15:05:36","slug":"pagina-inicial","status":"publish","type":"page","link":"https:\/\/oxivision.pt\/","title":{"rendered":"P\u00e1gina Inicial"},"content":{"rendered":"\n<p>Somos OXIVISION, uma empresa com experi\u00eancia no mercado desde 1986.<\/p>\n\n\n\n<p>Somos mais que uma empresa de publicidade; vamos desde planos de comunica\u00e7\u00e3o, passando pelo design de comunica\u00e7\u00e3o, escrita de conte\u00fados, decora\u00e7\u00e3o de espa\u00e7os interiores e exteriores.<\/p>\n\n\n\n<p>Transformamos a mat\u00e9ria-prima em produto final (Chave na m\u00e3o).<\/p>\n\n\n\n<p>Transformamos clientes, em clientes satisfeitos essa \u00e9 a nossa Miss\u00e3o.<\/p>\n\n\n\n<p>Cada marca tem necessidades distintas e a nossa equipa multidisciplinar assegura um servi\u00e7o completo em todas as \u00e1reas da comunica\u00e7\u00e3o e decora\u00e7\u00e3o.<\/p>\n\n\n\n<p>A Total adapta\u00e7\u00e3o \u00e1s necessidades de cada cliente \u00e9 a nossa vantagem competitiva.<\/p>\n\n\n\n<p>Num mercado competitivo, n\u00e3o \u00e9 suficiente fazer algo, ter\u00e1 de se comunicar aquilo que se faz.<\/p>\n\n\n\n<p>A Oxivision, orgulha se de oferecer a cada cliente, o melhor do que somos e fazemos, sempre Socialmente Respons\u00e1veis.<\/p>\n","protected":false},"excerpt":{"rendered":"<p>Somos OXIVISION, uma empresa com experi\u00eancia no mercado desde 1986. Somos mais que uma empresa de publicidade; vamos desde planos de comunica\u00e7\u00e3o, passando pelo design de comunica\u00e7\u00e3o, escrita de conte\u00fados,<a href=\"https:\/\/oxivision.pt\/\" class=\"d-block breadmore\">Read More<\/a><\/p>\n","protected":false},"author":2,"featured_media":0,"parent":0,"menu_order":0,"comment_status":"closed","ping_status":"closed","template":"","meta":{"footnotes":""},"class_list":["post-26","page","type-page","status-publish","hentry"],"_links":{"self":[{"href":"https:\/\/oxivision.pt\/index.php?rest_route=\/wp\/v2\/pages\/26","targetHints":{"allow":["GET"]}}],"collection":[{"href":"https:\/\/oxivision.pt\/index.php?rest_route=\/wp\/v2\/pages"}],"about":[{"href":"https:\/\/oxivision.pt\/index.php?rest_route=\/wp\/v2\/types\/page"}],"author":[{"embeddable":true,"href":"https:\/\/oxivision.pt\/index.php?rest_route=\/wp\/v2\/users\/2"}],"replies":[{"embeddable":true,"href":"https:\/\/oxivision.pt\/index.php?rest_route=%2Fwp%2Fv2%2Fcomments&post=26"}],"version-history":[{"count":6,"href":"https:\/\/oxivision.pt\/index.php?rest_route=\/wp\/v2\/pages\/26\/revisions"}],"predecessor-version":[{"id":260,"href":"https:\/\/oxivision.pt\/index.php?rest_route=\/wp\/v2\/pages\/26\/revisions\/260"}],"wp:attachment":[{"href":"https:\/\/oxivision.pt\/index.php?rest_route=%2Fwp%2Fv2%2Fmedia&parent=26"}],"curies":[{"name":"wp","href":"https:\/\/api.w.org\/{rel}","templated":true}]}}